{"id":1092,"date":"2025-06-18T00:20:08","date_gmt":"2025-06-18T00:20:08","guid":{"rendered":"https:\/\/toscana.hu\/?page_id=1092"},"modified":"2026-01-06T21:47:35","modified_gmt":"2026-01-06T21:47:35","slug":"etlap-es-itallap","status":"publish","type":"page","link":"https:\/\/toscana.hu\/hu\/etlap-es-itallap\/","title":{"rendered":"\u00c9tlap \u00e9s itallap"},"content":{"rendered":"\t\t<div data-elementor-type=\"wp-page\" data-elementor-id=\"1092\" class=\"elementor elementor-1092\" data-elementor-post-type=\"page\">\n\t\t\t\t<div class=\"elementor-element elementor-element-eaf3bad e-flex e-con-boxed e-con e-parent\" data-id=\"eaf3bad\" data-element_type=\"container\" data-e-type=\"container\" data-settings=\"{&quot;background_background&quot;:&quot;classic&quot;}\">\n\t\t\t\t\t<div class=\"e-con-inner\">\n\t\t\t\t<div class=\"elementor-element elementor-element-fafd5dd elementor-widget__width-initial animated-slow elementor-invisible elementor-widget elementor-widget-heading\" data-id=\"fafd5dd\" data-element_type=\"widget\" data-e-type=\"widget\" data-settings=\"{&quot;_animation&quot;:&quot;fadeInUp&quot;}\" data-widget_type=\"heading.default\">\n\t\t\t\t<div class=\"elementor-widget-container\">\n\t\t\t\t\t<h2 class=\"elementor-heading-title elementor-size-default\">\u00c9tlap \u00e9s itallap<\/h2>\t\t\t\t<\/div>\n\t\t\t\t<\/div>\n\t\t\t\t<div class=\"elementor-element elementor-element-9c1042a elementor-widget-mobile__width-initial elementor-widget__width-initial animated-slow elementor-invisible elementor-widget elementor-widget-heading\" data-id=\"9c1042a\" data-element_type=\"widget\" data-e-type=\"widget\" data-settings=\"{&quot;_animation&quot;:&quot;fadeInUp&quot;}\" data-widget_type=\"heading.default\">\n\t\t\t\t<div class=\"elementor-widget-container\">\n\t\t\t\t\t<h2 class=\"elementor-heading-title elementor-size-default\">\u00c9tlapunkon a toszk\u00e1n konyha legjav\u00e1t k\u00edn\u00e1ljuk tradicion\u00e1lis receptek alapj\u00e1n, a legkiv\u00e1l\u00f3bb olasz alapanyagokkal, szezon\u00e1lisan friss\u00edtve.<\/h2>\t\t\t\t<\/div>\n\t\t\t\t<\/div>\n\t\t\t\t<div class=\"elementor-element elementor-element-198fa25 elementor-widget__width-initial animated-slow elementor-invisible elementor-widget elementor-widget-text-editor\" data-id=\"198fa25\" data-element_type=\"widget\" data-e-type=\"widget\" data-settings=\"{&quot;_animation&quot;:&quot;fadeInUp&quot;}\" data-widget_type=\"text-editor.default\">\n\t\t\t\t<div class=\"elementor-widget-container\">\n\t\t\t\t\t\t\t\t\t<p>N\u00e1lunk nincs fagyaszt\u00e1s: minden h\u00fas \u00e9s sajt eredettan\u00fas\u00edt\u00e1ssal \u00e9rkezik. Az \u00edzeket borlapunk teszi teljess\u00e9, t\u00f6bb mint 100 gondosan v\u00e1logatott t\u00e9tellel Olaszorsz\u00e1g legjobb pinc\u00e9szeteib\u0151l.\u00a0<\/p><p>Lapozz bele virtu\u00e1lis k\u00edn\u00e1latunkba \u00e9s foglalj asztalt a toszk\u00e1n \u00edzek otthon\u00e1ba!<\/p>\t\t\t\t\t\t\t\t<\/div>\n\t\t\t\t<\/div>\n\t\t\t\t<div class=\"elementor-element elementor-element-f2a7a7d animated-slow elementor-invisible elementor-widget elementor-widget-image\" data-id=\"f2a7a7d\" data-element_type=\"widget\" data-e-type=\"widget\" data-settings=\"{&quot;_animation&quot;:&quot;fadeInUp&quot;}\" data-widget_type=\"image.default\">\n\t\t\t\t<div class=\"elementor-widget-container\">\n\t\t\t\t\t\t\t\t\t\t\t\t\t\t\t<img decoding=\"async\" width=\"40\" height=\"40\" src=\"https:\/\/toscana.hu\/wp-content\/uploads\/2025\/05\/icon_gold-min.png\" class=\"attachment-large size-large wp-image-24\" alt=\"\" \/>\t\t\t\t\t\t\t\t\t\t\t\t\t\t\t<\/div>\n\t\t\t\t<\/div>\n\t\t\t\t\t<\/div>\n\t\t\t\t<\/div>\n\t\t<div class=\"elementor-element elementor-element-0ad5041 e-flex e-con-boxed e-con e-parent\" data-id=\"0ad5041\" data-element_type=\"container\" data-e-type=\"container\" data-settings=\"{&quot;background_background&quot;:&quot;classic&quot;}\">\n\t\t\t\t\t<div class=\"e-con-inner\">\n\t\t<div class=\"elementor-element elementor-element-182227d e-con-full e-flex e-con e-child\" data-id=\"182227d\" data-element_type=\"container\" data-e-type=\"container\" data-settings=\"{&quot;background_background&quot;:&quot;classic&quot;}\">\n\t\t\t\t<div class=\"elementor-element elementor-element-89a886a elementor-widget__width-initial elementor-widget elementor-widget-html\" data-id=\"89a886a\" data-element_type=\"widget\" data-e-type=\"widget\" data-widget_type=\"html.default\">\n\t\t\t\t<div class=\"elementor-widget-container\">\n\t\t\t\t\t<iframe src=\"https:\/\/menu.helloline.app\/etlap\/29746?isIframe=true\u2069\" class='menu-iframe'><\/iframe>\t\t\t\t<\/div>\n\t\t\t\t<\/div>\n\t\t\t\t<\/div>\n\t\t\t\t\t<\/div>\n\t\t\t\t<\/div>\n\t\t<div class=\"elementor-element elementor-element-20d5a8d e-flex e-con-boxed e-con e-parent\" data-id=\"20d5a8d\" data-element_type=\"container\" data-e-type=\"container\" data-settings=\"{&quot;background_background&quot;:&quot;classic&quot;}\">\n\t\t\t\t\t<div class=\"e-con-inner\">\n\t\t\t\t<div class=\"elementor-element elementor-element-fb9e3a3 elementor-widget__width-initial animated-slow elementor-invisible elementor-widget elementor-widget-heading\" data-id=\"fb9e3a3\" data-element_type=\"widget\" data-e-type=\"widget\" data-settings=\"{&quot;_animation&quot;:&quot;fadeInUp&quot;}\" data-widget_type=\"heading.default\">\n\t\t\t\t<div class=\"elementor-widget-container\">\n\t\t\t\t\t<h2 class=\"elementor-heading-title elementor-size-default\">Itt keresd a Trattori\u00e1t<\/h2>\t\t\t\t<\/div>\n\t\t\t\t<\/div>\n\t\t\t\t<div class=\"elementor-element elementor-element-85d720a animated-slow elementor-widget-divider--view-line elementor-invisible elementor-widget elementor-widget-divider\" data-id=\"85d720a\" data-element_type=\"widget\" data-e-type=\"widget\" data-settings=\"{&quot;_animation&quot;:&quot;zoomIn&quot;}\" data-widget_type=\"divider.default\">\n\t\t\t\t<div class=\"elementor-widget-container\">\n\t\t\t\t\t\t\t<div class=\"elementor-divider\">\n\t\t\t<span class=\"elementor-divider-separator\">\n\t\t\t\t\t\t<\/span>\n\t\t<\/div>\n\t\t\t\t\t\t<\/div>\n\t\t\t\t<\/div>\n\t\t\t\t\t<\/div>\n\t\t\t\t<\/div>\n\t\t<div class=\"elementor-element elementor-element-e7ca0e0 e-con-full e-flex e-con e-parent\" data-id=\"e7ca0e0\" data-element_type=\"container\" data-e-type=\"container\" data-settings=\"{&quot;background_background&quot;:&quot;classic&quot;}\">\n\t\t\t\t<div class=\"elementor-element elementor-element-6e5e55c custom-map elementor-widget elementor-widget-google_maps\" data-id=\"6e5e55c\" data-element_type=\"widget\" data-e-type=\"widget\" data-widget_type=\"google_maps.default\">\n\t\t\t\t<div class=\"elementor-widget-container\">\n\t\t\t\t\t\t\t<div class=\"elementor-custom-embed\">\n\t\t\t<iframe loading=\"lazy\"\n\t\t\t\t\tsrc=\"https:\/\/maps.google.com\/maps?q=H-1056%20Budapest%2C%20Belgr%C3%A1d%20rakpart%2013-15.&#038;t=m&#038;z=15&#038;output=embed&#038;iwloc=near\"\n\t\t\t\t\ttitle=\"H-1056 Budapest, Belgr\u00e1d rakpart 13-15.\"\n\t\t\t\t\taria-label=\"H-1056 Budapest, Belgr\u00e1d rakpart 13-15.\"\n\t\t\t><\/iframe>\n\t\t<\/div>\n\t\t\t\t\t\t<\/div>\n\t\t\t\t<\/div>\n\t\t\t\t<div class=\"elementor-element elementor-element-83e684e elementor-widget elementor-widget-image\" data-id=\"83e684e\" data-element_type=\"widget\" data-e-type=\"widget\" data-widget_type=\"image.default\">\n\t\t\t\t<div class=\"elementor-widget-container\">\n\t\t\t\t\t\t\t\t\t\t\t\t\t\t\t<img fetchpriority=\"high\" decoding=\"async\" width=\"1080\" height=\"1080\" src=\"https:\/\/toscana.hu\/wp-content\/uploads\/2025\/08\/restaurant_entrie-min.jpeg\" class=\"attachment-full size-full wp-image-2928\" alt=\"\" srcset=\"https:\/\/toscana.hu\/wp-content\/uploads\/2025\/08\/restaurant_entrie-min.jpeg 1080w, https:\/\/toscana.hu\/wp-content\/uploads\/2025\/08\/restaurant_entrie-min-300x300.jpeg 300w, https:\/\/toscana.hu\/wp-content\/uploads\/2025\/08\/restaurant_entrie-min-1024x1024.jpeg 1024w, https:\/\/toscana.hu\/wp-content\/uploads\/2025\/08\/restaurant_entrie-min-150x150.jpeg 150w, https:\/\/toscana.hu\/wp-content\/uploads\/2025\/08\/restaurant_entrie-min-768x768.jpeg 768w, https:\/\/toscana.hu\/wp-content\/uploads\/2025\/08\/restaurant_entrie-min-12x12.jpeg 12w\" sizes=\"(max-width: 1080px) 100vw, 1080px\" \/>\t\t\t\t\t\t\t\t\t\t\t\t\t\t\t<\/div>\n\t\t\t\t<\/div>\n\t\t\t\t<\/div>\n\t\t\t\t<\/div>\n\t\t","protected":false},"excerpt":{"rendered":"<p>\u00c9tlap \u00e9s itallap \u00c9tlapunkon a toszk\u00e1n konyha legjav\u00e1t k\u00edn\u00e1ljuk tradicion\u00e1lis receptek alapj\u00e1n, a legkiv\u00e1l\u00f3bb olasz alapanyagokkal, szezon\u00e1lisan friss\u00edtve. N\u00e1lunk nincs fagyaszt\u00e1s: minden h\u00fas \u00e9s sajt eredettan\u00fas\u00edt\u00e1ssal \u00e9rkezik. Az \u00edzeket borlapunk teszi teljess\u00e9, t\u00f6bb mint 100 gondosan v\u00e1logatott t\u00e9tellel Olaszorsz\u00e1g legjobb pinc\u00e9szeteib\u0151l.\u00a0 Lapozz bele virtu\u00e1lis k\u00edn\u00e1latunkba \u00e9s foglalj asztalt a toszk\u00e1n \u00edzek otthon\u00e1ba! Itt keresd a [&hellip;]<\/p>\n","protected":false},"author":1,"featured_media":0,"parent":0,"menu_order":0,"comment_status":"closed","ping_status":"closed","template":"","meta":{"footnotes":""},"class_list":["post-1092","page","type-page","status-publish","hentry"],"_links":{"self":[{"href":"https:\/\/toscana.hu\/hu\/wp-json\/wp\/v2\/pages\/1092","targetHints":{"allow":["GET"]}}],"collection":[{"href":"https:\/\/toscana.hu\/hu\/wp-json\/wp\/v2\/pages"}],"about":[{"href":"https:\/\/toscana.hu\/hu\/wp-json\/wp\/v2\/types\/page"}],"author":[{"embeddable":true,"href":"https:\/\/toscana.hu\/hu\/wp-json\/wp\/v2\/users\/1"}],"replies":[{"embeddable":true,"href":"https:\/\/toscana.hu\/hu\/wp-json\/wp\/v2\/comments?post=1092"}],"version-history":[{"count":6,"href":"https:\/\/toscana.hu\/hu\/wp-json\/wp\/v2\/pages\/1092\/revisions"}],"predecessor-version":[{"id":2952,"href":"https:\/\/toscana.hu\/hu\/wp-json\/wp\/v2\/pages\/1092\/revisions\/2952"}],"wp:attachment":[{"href":"https:\/\/toscana.hu\/hu\/wp-json\/wp\/v2\/media?parent=1092"}],"curies":[{"name":"wp","href":"https:\/\/api.w.org\/{rel}","templated":true}]}}